{"id":1020,"date":"2018-10-27T18:52:49","date_gmt":"2018-10-27T16:52:49","guid":{"rendered":"https:\/\/hotelaccademiafirenze.com\/hotel\/"},"modified":"2022-09-13T19:02:15","modified_gmt":"2022-09-13T17:02:15","slug":"hotel","status":"publish","type":"page","link":"https:\/\/hotelaccademiafirenze.com\/fr\/hotel\/","title":{"rendered":"L\u2019h\u00f4tel"},"content":{"rendered":"<h2 class=\"accademia\">Benvenuto all\u2019Hotel Accademia Firenze<br \/>\nAlbergo Firenze<\/h2>\n<p>L\u2019<strong>Hotel Accademia Firenze<\/strong>, 3 stelle, in centro Firenze \u00e8 stato recentemente ristrutturato con materiali di pregio per le sale comuni e nuovi arredamenti e finiture per le camere.<\/p>\n<p>Hotel Firenze <strong>Accademia<\/strong> sorge in un palazzo del 1300, dimora di uno degli scultori fiorentini, autori delle magnifiche porte del Battistero di San Giovanni di Firenze.<br \/>\nSi narra che Bernardo Cennini fosse vissuto proprio qui a pochi metri dalla piazza del Duomo teatro dei pi\u00f9 grandi tesori del Rinascimento.<br \/>\nIn Albergo \u00e8 ancora possibile ammirare le vetrate originali dell\u2019epoca.<\/p>\n<h2>Hotel Accademia Firenze | Le camere<\/h2>\n<p>Tutte le camere, finemente arredate, sono dotate di bagno, aria condizionata, tv satellitare, telefono, cassaforte e asciugacapelli.\u00a0\u00c8 inoltre possibile usufruire, negli spazi comuni in Albergo, di un Internet Point, di una tranquilla sala per la lettura e di un piccolo e grazioso angolo verde all\u2019aperto dove praticare il \u201cdolce far niente\u201d magari accompagnandosi con un drink preparato dal bar dell\u2019hotel.<\/p>\n<p><img loading=\"lazy\" decoding=\"async\" class=\"alignnone size-full wp-image-1149 move_right margin-t-30\" src=\"https:\/\/hotelaccademiafirenze.com\/wp-content\/uploads\/2018\/10\/IMG_2026.jpg\" alt=\"Hotel Accademia Firenze - Albergo Firenze\" width=\"751\" height=\"473\" srcset=\"https:\/\/hotelaccademiafirenze.com\/wp-content\/uploads\/2018\/10\/IMG_2026.jpg 751w, https:\/\/hotelaccademiafirenze.com\/wp-content\/uploads\/2018\/10\/IMG_2026-300x189.jpg 300w\" sizes=\"auto, (max-width: 751px) 100vw, 751px\" \/><\/p>\n<p>Grande attenzione alla scelta dei sapori e alla qualit\u00e0 delle materie prime sono alla base della prima colazione a buffet, che viene servita tutte le mattine nella sala con camino d\u2019epoca in pietra serena.<\/p>\n<h2>Dove siamo<\/h2>\n<p>L\u2019<strong>Hotel Accademia Firenze<\/strong> \u00e8 situato nel centro di Firenze; infatti chi soggiorna presso il nostro Albergo usufruisce di una posizione assolutamente strategica sia per coloro che si trovano in citt\u00e0 per vacanza sia per lavoro.<\/p>\n<p>La stazione ferroviaria centrale di Santa Maria Novella, il Palazzo dei Congressi e il Palazzo degli Affari sono raggiungibili in soli 5 minuti a piedi. L\u2019Hotel si trova a pochi metri dalle Cappelle Medicee, dove si trovano alcuni dei capolavori in marmo di Michelangelo, a 50 metri dal Duomo e a poche centinaia di metri dai pi\u00f9 importanti musei della citt\u00e0.<\/p>\n<p>L&rsquo;Albergo, accessibile anche con la macchina, non dispone di un proprio parcheggio ma si serve di un vicinissimo garage convenzionato. I nostri clienti possono altres\u00ec usufruire del servizio lavanderia su richiesta.<\/p>\n<p>Il personale in Albergo \u00e8 a disposizione dei clienti per prenotazioni di musei, mostre, escursioni per la citt\u00e0 e per tutta la Toscana.<\/p>\n<p><strong>COMUNICATO STAMPA<\/strong><br \/>\nL\u2019Hotel Accademia, dal 1\u00b0 giugno 2018 ha riaperto al pubblico con una nuova gestione e con una ristrutturazione completa di tutti gli ambienti.<br \/>\nL\u2019hotel \u00e8 stato infatti totalmente rinnovato sia nelle camere che negli spazi comuni ottenendo la terza stella.<br \/>\nL\u2019obbiettivo della nuova gestione \u00e8 quello di ridare una nuova vita all&rsquo;hotel e di offrire ai suoi ospiti il miglior servizio possibile<\/p>\n<p><img loading=\"lazy\" decoding=\"async\" class=\"alignnone size-full wp-image-128\" src=\"https:\/\/hotelaccademiafirenze.com\/wp-content\/uploads\/2018\/12\/Hotel-Accademia-Firenze-1.jpg\" alt=\"Hotel Accademia Firenze\" width=\"741\" height=\"1034\" \/><\/p>\n<h2 class=\"gold cellini\" style=\"text-align: center;\">Bernardo Cennini<\/h2>\n<p style=\"text-align: center;\"><strong>Hotel Accademia Firenze<\/strong> si trova in un palazzo del 1300, dove visse uno degli scultori fiorentini, autori delle magnifiche porte del Battistero di San Giovanni di Firenze.<\/p>\n<p style=\"text-align: center;\">Nel 1471 Bernardo Cennini, un orafo fiorentino che aveva collaborato col Ghiberti alla realizzazione delle porte del Battistero di San Giovanni, dava inizio alla stampa dei Commentarii in Virgili opera<br \/>\ndel grammatico romano del IV secolo Servius Maurus Honoratus (in folio di 238 carte) che terminava nell\u2019ottobre del 1472, come si evince dalle date riportate nell\u2019incipit e nel colophon del libro.<\/p>\n<p style=\"text-align: center;\">Fu il primo libro a stampa pubblicato a Firenze e l\u2019unico prodotto nella tipografia di Bernardo Cennini.<\/p>\n<p><img loading=\"lazy\" decoding=\"async\" class=\"aligncenter size-full wp-image-102\" src=\"https:\/\/hotelaccademiafirenze.com\/wp-content\/uploads\/2018\/10\/Mask-Group-2.jpg\" alt=\"Hotel Accademia Firenze\" width=\"317\" height=\"551\" srcset=\"https:\/\/hotelaccademiafirenze.com\/wp-content\/uploads\/2018\/10\/Mask-Group-2.jpg 317w, https:\/\/hotelaccademiafirenze.com\/wp-content\/uploads\/2018\/10\/Mask-Group-2-173x300.jpg 173w\" sizes=\"auto, (max-width: 317px) 100vw, 317px\" \/><\/p>\n<h3 style=\"text-align: center;\">LOGGIA DEL MERCATO NUOVO, FIRENZE<br \/>\nBERNANDO CENNINI<\/h3>\n<p style=\"text-align: center;\">In realt\u00e0 Cennini inizi\u00f2 la sua attivit\u00e0 tipografica tardi e la concluse alla svelta dato che per finanziare l\u2019impresa fu costretto a vendere buona parte del patrimonio familiare senza riuscire mai a rientrare nelle spese.<\/p>\n<p style=\"text-align: center;\">Nato a Firenze nel 1415 dal beccaio Bartolomeo di Cenni lo troviamo a lavorare nella bottega del setaiolo Tommaso di Domenico Borghini, con un salario di otto fiorini l\u2019anno. In questo periodo inizia il suo apprendistato di orafo probabilmente favorito dagli stretti legami tra setaioli e orafi, le cui corporazioni erano unite in una sola arte.<br \/>\nNel 1431, appena quindicenne lasci\u00f2 definitivamente l\u2019attivit\u00e0 di setaiolo per iniziare a esercitare l\u2019oreficeria divenendo ben presto \u201caurifex omnium iudicio prestantissimus\u201d.<br \/>\nNel 1446 si aggreg\u00f2 alla pi\u00f9 solida impresa orafa della citt\u00e0, la bottega di Lorenzo e Vittorio Ghiberti, allora impegnata nella fusione e rinettatura della terza porta in bronzo del Battistero (la porta del Paradiso).<\/p>\n<p><img loading=\"lazy\" decoding=\"async\" class=\"aligncenter size-full wp-image-102\" src=\"http:\/\/hotelaccademiafirenze.com\/wp-content\/uploads\/2019\/02\/Hotel-Accademia-Firenze-Porta-del-Paradiso-Firenze-Florence-2.jpg\" alt=\"Hotel Accademia Firenze\" width=\"350\" height=\"499\" \/><\/p>\n","protected":false},"excerpt":{"rendered":"<p>Benvenuto all\u2019Hotel Accademia Firenze Albergo Firenze L\u2019Hotel Accademia Firenze, 3 stelle, in centro Firenze \u00e8 stato recentemente ristrutturato con materiali di pregio per le sale comuni e nuovi arredamenti e finiture per le camere. Hotel Firenze Accademia sorge in un palazzo del 1300, dimora di uno degli scultori fiorentini, autori delle magnifiche porte del Battistero &hellip; <a href=\"https:\/\/hotelaccademiafirenze.com\/fr\/hotel\/\">Continued<\/a><\/p>\n","protected":false},"author":1,"featured_media":0,"parent":0,"menu_order":0,"comment_status":"closed","ping_status":"closed","template":"","meta":{"_acf_changed":false,"footnotes":""},"class_list":["post-1020","page","type-page","status-publish","hentry"],"acf":[],"yoast_head":"<!-- This site is optimized with the Yoast SEO Premium plugin v15.7 - https:\/\/yoast.com\/wordpress\/plugins\/seo\/ -->\n<title>Albergo Firenze | Hotel Accademia Firenze nel cuore di Firenze<\/title>\n<meta name=\"description\" content=\"Hotel Accademia Firenze, 3 stelle, in centro Firenze in una dimora storica del 1300. Scopri sul nostro sito tariffe imperdibili e risparmia! Albergo Firenze\" \/>\n<meta name=\"robots\" content=\"index, follow, max-snippet:-1, max-image-preview:large, max-video-preview:-1\" \/>\n<link rel=\"canonical\" href=\"https:\/\/hotelaccademiafirenze.com\/fr\/hotel\/\" \/>\n<meta property=\"og:locale\" content=\"fr_FR\" \/>\n<meta property=\"og:type\" content=\"article\" \/>\n<meta property=\"og:title\" content=\"Albergo Firenze | Hotel Accademia Firenze nel cuore di Firenze\" \/>\n<meta property=\"og:description\" content=\"Hotel Accademia Firenze, 3 stelle, in centro Firenze in una dimora storica del 1300. Scopri sul nostro sito tariffe imperdibili e risparmia! Albergo Firenze\" \/>\n<meta property=\"og:url\" content=\"https:\/\/hotelaccademiafirenze.com\/fr\/hotel\/\" \/>\n<meta property=\"og:site_name\" content=\"Hotel Accademia Firenze\" \/>\n<meta property=\"article:modified_time\" content=\"2022-09-13T17:02:15+00:00\" \/>\n<meta property=\"og:image\" content=\"https:\/\/hotelaccademiafirenze.com\/wp-content\/uploads\/2018\/10\/IMG_2026.jpg\" \/>\n<meta name=\"twitter:card\" content=\"summary_large_image\" \/>\n<meta name=\"twitter:label1\" content=\"Dur\u00e9e de lecture estim\u00e9e\">\n\t<meta name=\"twitter:data1\" content=\"3 minutes\">\n<script type=\"application\/ld+json\" class=\"yoast-schema-graph\">{\"@context\":\"https:\/\/schema.org\",\"@graph\":[{\"@type\":\"Organization\",\"@id\":\"https:\/\/hotelaccademiafirenze.com\/fr\/#organization\",\"name\":\"Hotel Accademia Firenze\",\"url\":\"https:\/\/hotelaccademiafirenze.com\/fr\/\",\"sameAs\":[],\"logo\":{\"@type\":\"ImageObject\",\"@id\":\"https:\/\/hotelaccademiafirenze.com\/fr\/#logo\",\"inLanguage\":\"fr-FR\",\"url\":\"https:\/\/hotelaccademiafirenze.com\/wp-content\/uploads\/2019\/01\/Hotel-Accademia_logo_DEF-2.jpg\",\"width\":1726,\"height\":483,\"caption\":\"Hotel Accademia Firenze\"},\"image\":{\"@id\":\"https:\/\/hotelaccademiafirenze.com\/fr\/#logo\"}},{\"@type\":\"WebSite\",\"@id\":\"https:\/\/hotelaccademiafirenze.com\/fr\/#website\",\"url\":\"https:\/\/hotelaccademiafirenze.com\/fr\/\",\"name\":\"Hotel Accademia Firenze\",\"description\":\"Albergo nel centro storico di Firenze\",\"publisher\":{\"@id\":\"https:\/\/hotelaccademiafirenze.com\/fr\/#organization\"},\"potentialAction\":[{\"@type\":\"SearchAction\",\"target\":\"https:\/\/hotelaccademiafirenze.com\/fr\/?s={search_term_string}\",\"query-input\":\"required name=search_term_string\"}],\"inLanguage\":\"fr-FR\"},{\"@type\":\"ImageObject\",\"@id\":\"https:\/\/hotelaccademiafirenze.com\/fr\/hotel\/#primaryimage\",\"inLanguage\":\"fr-FR\",\"url\":\"https:\/\/hotelaccademiafirenze.com\/wp-content\/uploads\/2018\/10\/IMG_2026.jpg\",\"width\":751,\"height\":473},{\"@type\":\"WebPage\",\"@id\":\"https:\/\/hotelaccademiafirenze.com\/fr\/hotel\/#webpage\",\"url\":\"https:\/\/hotelaccademiafirenze.com\/fr\/hotel\/\",\"name\":\"Albergo Firenze | Hotel Accademia Firenze nel cuore di Firenze\",\"isPartOf\":{\"@id\":\"https:\/\/hotelaccademiafirenze.com\/fr\/#website\"},\"primaryImageOfPage\":{\"@id\":\"https:\/\/hotelaccademiafirenze.com\/fr\/hotel\/#primaryimage\"},\"datePublished\":\"2018-10-27T16:52:49+00:00\",\"dateModified\":\"2022-09-13T17:02:15+00:00\",\"description\":\"Hotel Accademia Firenze, 3 stelle, in centro Firenze in una dimora storica del 1300. Scopri sul nostro sito tariffe imperdibili e risparmia! Albergo Firenze\",\"inLanguage\":\"fr-FR\",\"potentialAction\":[{\"@type\":\"ReadAction\",\"target\":[\"https:\/\/hotelaccademiafirenze.com\/fr\/hotel\/\"]}]}]}<\/script>\n<!-- \/ Yoast SEO Premium plugin. -->","_links":{"self":[{"href":"https:\/\/hotelaccademiafirenze.com\/fr\/wp-json\/wp\/v2\/pages\/1020","targetHints":{"allow":["GET"]}}],"collection":[{"href":"https:\/\/hotelaccademiafirenze.com\/fr\/wp-json\/wp\/v2\/pages"}],"about":[{"href":"https:\/\/hotelaccademiafirenze.com\/fr\/wp-json\/wp\/v2\/types\/page"}],"author":[{"embeddable":true,"href":"https:\/\/hotelaccademiafirenze.com\/fr\/wp-json\/wp\/v2\/users\/1"}],"replies":[{"embeddable":true,"href":"https:\/\/hotelaccademiafirenze.com\/fr\/wp-json\/wp\/v2\/comments?post=1020"}],"version-history":[{"count":5,"href":"https:\/\/hotelaccademiafirenze.com\/fr\/wp-json\/wp\/v2\/pages\/1020\/revisions"}],"predecessor-version":[{"id":2381,"href":"https:\/\/hotelaccademiafirenze.com\/fr\/wp-json\/wp\/v2\/pages\/1020\/revisions\/2381"}],"wp:attachment":[{"href":"https:\/\/hotelaccademiafirenze.com\/fr\/wp-json\/wp\/v2\/media?parent=1020"}],"curies":[{"name":"wp","href":"https:\/\/api.w.org\/{rel}","templated":true}]}}