{"id":1018,"date":"2018-10-27T00:59:32","date_gmt":"2018-10-26T22:59:32","guid":{"rendered":"https:\/\/hotelaccademiafirenze.com\/home\/"},"modified":"2022-04-14T17:45:37","modified_gmt":"2022-04-14T15:45:37","slug":"home","status":"publish","type":"page","link":"https:\/\/hotelaccademiafirenze.com\/fr\/","title":{"rendered":"Hotel Accademia Firenze"},"content":{"rendered":"<h1 class=\"accademia\">Hotel Accademia Firenze | Hotel Firenze<\/h1>\n<h2>\u00c0 2 PAS DE LA VIEILLE VILLE DE FLORENCE<\/h2>\n<p>L\u2019<strong>Accademia Hotel Firenze<\/strong> est install\u00e9 dans un b\u00e2timent du XIV\u00e8me si\u00e8cle, qui \u00e9tait la demeure de l&rsquo;un des sculpteurs florentins auxquels fut confi\u00e9e la r\u00e9alisation des magnifiques portes du <a href=\"https:\/\/fr.wikipedia.org\/wiki\/Baptist%C3%A8re_Saint-Jean_de_Florence\" target=\"_blank\" rel=\"noopener noreferrer\"><em>Baptist\u00e8re de Saint-Jean<\/em><\/a>.<br \/>\nOn raconte, en effet, que <a href=\"https:\/\/fr.wikipedia.org\/wiki\/Bernardo_Cennini\" target=\"_blank\" rel=\"noopener noreferrer\">Bernardo Cennini<\/a> y aurait v\u00e9cu, \u00e0 quelques m\u00e8tres du centre-ville de Florence, \u00e9crin des plus grands tr\u00e9sors de la Renaissance.<\/p>\n<p><strong>Accademia Hotel Firenze<\/strong> est un h\u00f4tel 3 \u00e9toiles dont le chambres et les parties communes ont \u00e9t\u00e9 r\u00e9cemment r\u00e9nov\u00e9es.<\/p>\n<p>&nbsp;<\/p>\n<h2>Accademia Hotel | VOTRE S\u00c9JOUR ID\u00c9AL \u00c0 FLORENCE<\/h2>\n<p>Toutes\u00a0nos <a href=\"\/?page_id=1020\">chambres<\/a> sont \u00e9l\u00e9gamment meubl\u00e9es et disposent d\u2019un confort optimal: salle de bain, climatisation, cha\u00eenes satellite, t\u00e9l\u00e9phone, coffre-fort et s\u00e8che-cheveux.<br \/>\nUne connexion Internet est par ailleurs disponible dans les espaces communs, o\u00f9 est \u00e9galement am\u00e9nag\u00e9e une salle tr\u00e8s calme d\u00e9di\u00e9e \u00e0 la lecture.\u00a0Enfin le petit jardin int\u00e9rieur est une v\u00e9ritable oasis o\u00f9 d\u00e9guster les boissons pr\u00e9par\u00e9es par le bar de l&rsquo;<strong>Accademia Hotel Firenze<\/strong>.<\/p>\n<h2>ART ET BEAUT\u00c9 | ALBERGO FIRENZE<\/h2>\n<p>Un s\u00e9jour \u00e0 l&rsquo;<strong>Accademia Hotel Firenze<\/strong> permet d\u2019associer confort et \u00e9l\u00e9gance en plein c\u0153ur de Florence. L\u2019h\u00f4tel est situ\u00e9 \u00e0 proximit\u00e9 des sites incontournables du centre historique: mus\u00e9es (<a href=\"https:\/\/www.uffizi.it\/en\" target=\"_blank\" rel=\"noopener noreferrer\">Galleria degli Uffizi<\/a>, <a href=\"https:\/\/duomo.firenze.it\/en\/home\" target=\"_blank\" rel=\"noopener noreferrer\">Museo dell\u2019Opera di Santa Maria del Fiore<\/a>, etc.), monuments (<a href=\"https:\/\/fr.wikipedia.org\/wiki\/Cath%C3%A9drale_Santa_Maria_del_Fiore\" target=\"_blank\" rel=\"noopener noreferrer\">D\u00f4me<\/a>, <a href=\"https:\/\/fr.wikipedia.org\/wiki\/Coupole_de_Santa_Maria_del_Fiore\" target=\"_blank\" rel=\"noopener noreferrer\">Coupole de Brunelleschi<\/a>, <a href=\"https:\/\/fr.wikipedia.org\/wiki\/Baptist%C3%A8re_Saint-Jean_de_Florence\" target=\"_blank\" rel=\"noopener noreferrer\"><em>Baptist\u00e8re de Saint-Jean<\/em><\/a>, etc.) entre autres. Cet emplacement strat\u00e9gique permet au visiteur d\u2019explorer la ville \u00e0 pied.<\/p>\n<p>&nbsp;<\/p>\n<h2>SHOPPING ET LOISIRS \u00c0 FLORENCE<\/h2>\n<p>Dans la vieille ville de Florence et \u00e0 proximit\u00e9 imm\u00e9diate de l&rsquo;h\u00f4tel, nos clients auront \u00e9galement \u00e0 leur disposition un ample choix de boutiques, de caf\u00e9s et de restaurants typiquement florentins.<\/p>\n<p>&nbsp;<\/p>\n<h2>\u00c0 QUELLE DISTANCE DE L\u2019HOTEL ACCADEMIA SE TROUVENT LES PRINCIPAUX MONUMENTS ET LIEUX D\u2019INT\u00c9R\u00caT\u00a0DE FLORENCE?<\/h2>\n<p><strong>\u2022 Galleria degli Uffizi:<\/strong>\u00a015 minutes \u00e0 pieds<br \/>\n\u2022<strong> Galerie de l&rsquo;Acad\u00e9mie de Florence:<\/strong>\u00a09 minutes \u00e0 pieds<br \/>\n\u2022 <strong>D\u00f4me, Baptist\u00e8re de Saint-Jean, Campanile de Giotto:<\/strong>\u00a05 minutes \u00e0 pieds<br \/>\n\u2022<strong> Ponte Vecchio:\u00a0<\/strong>10 minutes \u00e0 pieds<br \/>\n\u2022<strong> Palais Pitti:<\/strong>\u00a015 minutes \u00e0 pieds<br \/>\n\u2022 <strong>\u00c9glise San Marco:<\/strong>\u00a09 minutes \u00e0 pieds<br \/>\n\u2022<strong> \u00c9glise San Lorenzo:<\/strong>\u00a01 minute \u00e0 pieds<br \/>\n\u2022<strong> Forteresse de Basso:<\/strong>\u00a09 minutes \u00e0 pieds<br \/>\n\u2022<strong> Palais des Congr\u00e8s:<\/strong>\u00a06 minutes \u00e0 pieds<br \/>\n<strong>\u2022 Gare de Santa Maria Novella:\u00a0<\/strong>8 minutes \u00e0 pieds<\/p>\n<h2 style=\"text-align: center;\">Hotel Accademia Firenze | Albergo a Firenze<\/h2>\n<h3 style=\"text-align: center;\">\u2026QUI OV EBBE I NATALI AI II GENNAIO MCCCCXV<br \/>\nE VISSE E TENNE OFFICINE\u2026<\/h3>\n<h2 class=\"gold cellini\" style=\"text-align: center;\">Bernardo Cennini<\/h2>\n<p><img loading=\"lazy\" decoding=\"async\" class=\"size-full wp-image-102 aligncenter\" src=\"https:\/\/hotelaccademiafirenze.com\/wp-content\/uploads\/2018\/10\/Mask-Group-2.jpg\" alt=\"Bernardo Cennini Porta del Paradiso - Hotel Accademia Firenze\" width=\"317\" height=\"551\" srcset=\"https:\/\/hotelaccademiafirenze.com\/wp-content\/uploads\/2018\/10\/Mask-Group-2.jpg 317w, https:\/\/hotelaccademiafirenze.com\/wp-content\/uploads\/2018\/10\/Mask-Group-2-173x300.jpg 173w\" sizes=\"auto, (max-width: 317px) 100vw, 317px\" \/><\/p>\n<p style=\"text-align: center;\">Notre <strong>Accademia Hotel Firenze<\/strong> est am\u00e9nag\u00e9 dans une demeure historique datant de 1300, o\u00f9 v\u00e9cut l&rsquo;un des sculpteurs florentins auxquels fut confi\u00e9e la r\u00e9alisation des portes du Baptist\u00e8re de Saint Jean de Florence.<\/p>\n<p style=\"text-align: center;\">Orf\u00e8vre et typographe italien, Bernardo Cennini (Florence, 2 janvier 1415 &#8211; Florence, 1498) fut l&rsquo;un des tout premiers utilisateurs de l&rsquo;imprimerie en Italie.<\/p>\n<p style=\"text-align: center;\">Apr\u00e8s avoir travaill\u00e9 avec Lorenzo Ghiberti \u00e0 la r\u00e9alisation des portes du <a href=\"https:\/\/fr.wikipedia.org\/wiki\/Baptist%C3%A8re_Saint-Jean_de_Florence\" target=\"_blank\" rel=\"noopener noreferrer\">Baptist\u00e8re de Florence<\/a>, en particulier La Porte du\u00a0Paradis, il fut \u00e9galement l&rsquo;un des premiers \u00e0 mettre en application la technique d&rsquo;impression invent\u00e9e par Gutenberg \u00e0 Mayence et bas\u00e9e sur l\u2019utilisation de caract\u00e8res mobiles, alors qu\u2019il n\u2019avait \u00e0 sa disposition pour en extrapoler les principes que le produit final, c\u2019est-\u00e0-dire le livre.\u00a0C\u2019est \u00e0 lui que l\u2019on doit la publication du premier incunable imprim\u00e9 \u00e0 Florence.<\/p>\n","protected":false},"excerpt":{"rendered":"<p>Hotel Accademia Firenze | Hotel Firenze \u00c0 2 PAS DE LA VIEILLE VILLE DE FLORENCE L\u2019Accademia Hotel Firenze est install\u00e9 dans un b\u00e2timent du XIV\u00e8me si\u00e8cle, qui \u00e9tait la demeure de l&rsquo;un des sculpteurs florentins auxquels fut confi\u00e9e la r\u00e9alisation des magnifiques portes du Baptist\u00e8re de Saint-Jean. On raconte, en effet, que Bernardo Cennini y &hellip; <a href=\"https:\/\/hotelaccademiafirenze.com\/fr\/\">Continued<\/a><\/p>\n","protected":false},"author":1,"featured_media":0,"parent":0,"menu_order":0,"comment_status":"closed","ping_status":"closed","template":"views\/template-home.blade.php","meta":{"_acf_changed":false,"footnotes":""},"class_list":["post-1018","page","type-page","status-publish","hentry"],"acf":[],"yoast_head":"<!-- This site is optimized with the Yoast SEO Premium plugin v15.7 - https:\/\/yoast.com\/wordpress\/plugins\/seo\/ -->\n<title>Hotel Firenze | Hotel Accademia Firenze nel centro storico di Firenze<\/title>\n<meta name=\"description\" content=\"Hotel Firenze | Prenota il tuo soggiorno presso Hotel Accademia Firenze, a pochi metri dal centro e dai pi\u00f9 importanti musei\" \/>\n<meta name=\"robots\" content=\"index, follow, max-snippet:-1, max-image-preview:large, max-video-preview:-1\" \/>\n<link rel=\"canonical\" href=\"https:\/\/hotelaccademiafirenze.com\/fr\/\" \/>\n<meta property=\"og:locale\" content=\"fr_FR\" \/>\n<meta property=\"og:type\" content=\"article\" \/>\n<meta property=\"og:title\" content=\"Hotel Firenze | Hotel Accademia Firenze nel centro storico di Firenze\" \/>\n<meta property=\"og:description\" content=\"Hotel Firenze | Prenota il tuo soggiorno presso Hotel Accademia Firenze, a pochi metri dal centro e dai pi\u00f9 importanti musei\" \/>\n<meta property=\"og:url\" content=\"https:\/\/hotelaccademiafirenze.com\/fr\/\" \/>\n<meta property=\"og:site_name\" content=\"Hotel Accademia Firenze\" \/>\n<meta property=\"article:modified_time\" content=\"2022-04-14T15:45:37+00:00\" \/>\n<meta property=\"og:image\" content=\"https:\/\/hotelaccademiafirenze.com\/wp-content\/uploads\/2018\/10\/hero_home.jpg\" \/>\n\t<meta property=\"og:image:width\" content=\"1925\" \/>\n\t<meta property=\"og:image:height\" content=\"825\" \/>\n<meta name=\"twitter:card\" content=\"summary_large_image\" \/>\n<meta name=\"twitter:label1\" content=\"Dur\u00e9e de lecture estim\u00e9e\">\n\t<meta name=\"twitter:data1\" content=\"3 minutes\">\n<script type=\"application\/ld+json\" class=\"yoast-schema-graph\">{\"@context\":\"https:\/\/schema.org\",\"@graph\":[{\"@type\":\"Organization\",\"@id\":\"https:\/\/hotelaccademiafirenze.com\/fr\/#organization\",\"name\":\"Hotel Accademia Firenze\",\"url\":\"https:\/\/hotelaccademiafirenze.com\/fr\/\",\"sameAs\":[],\"logo\":{\"@type\":\"ImageObject\",\"@id\":\"https:\/\/hotelaccademiafirenze.com\/fr\/#logo\",\"inLanguage\":\"fr-FR\",\"url\":\"https:\/\/hotelaccademiafirenze.com\/wp-content\/uploads\/2019\/01\/Hotel-Accademia_logo_DEF-2.jpg\",\"width\":1726,\"height\":483,\"caption\":\"Hotel Accademia Firenze\"},\"image\":{\"@id\":\"https:\/\/hotelaccademiafirenze.com\/fr\/#logo\"}},{\"@type\":\"WebSite\",\"@id\":\"https:\/\/hotelaccademiafirenze.com\/fr\/#website\",\"url\":\"https:\/\/hotelaccademiafirenze.com\/fr\/\",\"name\":\"Hotel Accademia Firenze\",\"description\":\"Albergo nel centro storico di Firenze\",\"publisher\":{\"@id\":\"https:\/\/hotelaccademiafirenze.com\/fr\/#organization\"},\"potentialAction\":[{\"@type\":\"SearchAction\",\"target\":\"https:\/\/hotelaccademiafirenze.com\/fr\/?s={search_term_string}\",\"query-input\":\"required name=search_term_string\"}],\"inLanguage\":\"fr-FR\"},{\"@type\":\"ImageObject\",\"@id\":\"https:\/\/hotelaccademiafirenze.com\/fr\/#primaryimage\",\"inLanguage\":\"fr-FR\",\"url\":\"https:\/\/hotelaccademiafirenze.com\/wp-content\/uploads\/2018\/10\/Mask-Group-2.jpg\",\"width\":317,\"height\":551},{\"@type\":\"WebPage\",\"@id\":\"https:\/\/hotelaccademiafirenze.com\/fr\/#webpage\",\"url\":\"https:\/\/hotelaccademiafirenze.com\/fr\/\",\"name\":\"Hotel Firenze | Hotel Accademia Firenze nel centro storico di Firenze\",\"isPartOf\":{\"@id\":\"https:\/\/hotelaccademiafirenze.com\/fr\/#website\"},\"primaryImageOfPage\":{\"@id\":\"https:\/\/hotelaccademiafirenze.com\/fr\/#primaryimage\"},\"datePublished\":\"2018-10-26T22:59:32+00:00\",\"dateModified\":\"2022-04-14T15:45:37+00:00\",\"description\":\"Hotel Firenze | Prenota il tuo soggiorno presso Hotel Accademia Firenze, a pochi metri dal centro e dai pi\\u00f9 importanti musei\",\"inLanguage\":\"fr-FR\",\"potentialAction\":[{\"@type\":\"ReadAction\",\"target\":[\"https:\/\/hotelaccademiafirenze.com\/fr\/\"]}]}]}<\/script>\n<!-- \/ Yoast SEO Premium plugin. -->","_links":{"self":[{"href":"https:\/\/hotelaccademiafirenze.com\/fr\/wp-json\/wp\/v2\/pages\/1018","targetHints":{"allow":["GET"]}}],"collection":[{"href":"https:\/\/hotelaccademiafirenze.com\/fr\/wp-json\/wp\/v2\/pages"}],"about":[{"href":"https:\/\/hotelaccademiafirenze.com\/fr\/wp-json\/wp\/v2\/types\/page"}],"author":[{"embeddable":true,"href":"https:\/\/hotelaccademiafirenze.com\/fr\/wp-json\/wp\/v2\/users\/1"}],"replies":[{"embeddable":true,"href":"https:\/\/hotelaccademiafirenze.com\/fr\/wp-json\/wp\/v2\/comments?post=1018"}],"version-history":[{"count":22,"href":"https:\/\/hotelaccademiafirenze.com\/fr\/wp-json\/wp\/v2\/pages\/1018\/revisions"}],"predecessor-version":[{"id":2339,"href":"https:\/\/hotelaccademiafirenze.com\/fr\/wp-json\/wp\/v2\/pages\/1018\/revisions\/2339"}],"wp:attachment":[{"href":"https:\/\/hotelaccademiafirenze.com\/fr\/wp-json\/wp\/v2\/media?parent=1018"}],"curies":[{"name":"wp","href":"https:\/\/api.w.org\/{rel}","templated":true}]}}